{"id":1522,"date":"2025-06-11T20:46:21","date_gmt":"2025-06-11T20:46:21","guid":{"rendered":"https:\/\/www.corierosesoumah.com\/homepage\/?page_id=1522"},"modified":"2026-03-10T21:24:12","modified_gmt":"2026-03-10T21:24:12","slug":"limpidites-vi","status":"publish","type":"page","link":"https:\/\/www.corierosesoumah.com\/homepage\/limpidites-vi\/","title":{"rendered":"Limpidit\u00e9s VI"},"content":{"rendered":"\n<p class=\"animated fadeIn\" style=\"font-size:12px;font-style:normal;font-weight:300;line-height:1.2\"><em>for two saxophonists, electronics &amp; shell instruments<\/em> (2025-&#8230;)<br>10 minutes<br>for Antonin Bourgault &amp; Erin Rogers<br><br><em>pour deux saxophonistes, \u00e9lectroniques &amp; instruments coquillages<\/em> (2025-&#8230;)<br>10 minutes<br>pour Antonin Bourgault &amp; Erin Rogers<\/p>\n\n\n\n<div class=\"wp-block-columns animated fadeIn is-layout-flex wp-container-core-columns-is-layout-28f84493 wp-block-columns-is-layout-flex\">\n<div class=\"wp-block-column is-layout-flow wp-block-column-is-layout-flow\">\n<figure class=\"wp-block-image size-large\"><img fetchpriority=\"high\" decoding=\"async\" width=\"1024\" height=\"683\" src=\"https:\/\/www.corierosesoumah.com\/wp-content\/uploads\/2025\/06\/14-1024x683.jpg\" alt=\"\" class=\"wp-image-1530\" style=\"object-fit:cover\" srcset=\"https:\/\/www.corierosesoumah.com\/wp-content\/uploads\/2025\/06\/14-1024x683.jpg 1024w, https:\/\/www.corierosesoumah.com\/wp-content\/uploads\/2025\/06\/14-300x200.jpg 300w, https:\/\/www.corierosesoumah.com\/wp-content\/uploads\/2025\/06\/14-768x512.jpg 768w, https:\/\/www.corierosesoumah.com\/wp-content\/uploads\/2025\/06\/14-1536x1024.jpg 1536w, https:\/\/www.corierosesoumah.com\/wp-content\/uploads\/2025\/06\/14-2048x1365.jpg 2048w\" sizes=\"(max-width: 1024px) 100vw, 1024px\" \/><\/figure>\n\n\n\n<div style=\"height:100px\" aria-hidden=\"true\" class=\"wp-block-spacer\"><\/div>\n\n\n\n<p style=\"font-size:0.7rem;font-style:normal;font-weight:300\">&#8220;Une exploration br\u00e8ve sur des \u00e9tats de floraisons, d\u2019anxi\u00e9t\u00e9 &amp; des nuages color\u00e9s.&#8221;<br><br>&#8220;<em>A brief investigation on blooming, dread &amp; tinted clouds.<\/em>&#8220;<\/p>\n<\/div>\n\n\n\n<div class=\"wp-block-column has-global-padding is-layout-constrained wp-block-column-is-layout-constrained\">\n<figure class=\"wp-block-image alignleft size-full is-resized\"><img decoding=\"async\" width=\"1707\" height=\"2560\" src=\"https:\/\/www.corierosesoumah.com\/wp-content\/uploads\/2025\/06\/16-scaled.jpg\" alt=\"\" class=\"wp-image-1531\" style=\"aspect-ratio:3\/4;object-fit:cover;width:auto;height:600px\" srcset=\"https:\/\/www.corierosesoumah.com\/wp-content\/uploads\/2025\/06\/16-scaled.jpg 1707w, https:\/\/www.corierosesoumah.com\/wp-content\/uploads\/2025\/06\/16-200x300.jpg 200w, https:\/\/www.corierosesoumah.com\/wp-content\/uploads\/2025\/06\/16-683x1024.jpg 683w, https:\/\/www.corierosesoumah.com\/wp-content\/uploads\/2025\/06\/16-768x1152.jpg 768w, https:\/\/www.corierosesoumah.com\/wp-content\/uploads\/2025\/06\/16-1024x1536.jpg 1024w, https:\/\/www.corierosesoumah.com\/wp-content\/uploads\/2025\/06\/16-1365x2048.jpg 1365w\" sizes=\"(max-width: 1707px) 100vw, 1707px\" \/><\/figure>\n<\/div>\n<\/div>\n\n\n\n<figure class=\"wp-block-embed is-type-video is-provider-youtube wp-block-embed-youtube wp-embed-aspect-16-9 wp-has-aspect-ratio\"><div class=\"wp-block-embed__wrapper\">\n<iframe title=\"Limpidite\u0301s VI\" width=\"500\" height=\"281\" src=\"https:\/\/www.youtube.com\/embed\/ekO0geVkjgo?feature=oembed\" frameborder=\"0\" allow=\"accelerometer; autoplay; clipboard-write; encrypted-media; gyroscope; picture-in-picture; web-share\" referrerpolicy=\"strict-origin-when-cross-origin\" allowfullscreen><\/iframe>\n<\/div><\/figure>\n","protected":false},"excerpt":{"rendered":"<p>for two saxophonists, electronics &amp; shell instruments (2025-&#8230;)10 minutesfor Antonin Bourgault &amp; Erin Rogers pour deux saxophonistes, \u00e9lectroniques &amp; instruments coquillages (2025-&#8230;)10 minutespour Antonin Bourgault &amp; Erin Rogers &#8220;Une exploration br\u00e8ve sur des \u00e9tats de floraisons, d\u2019anxi\u00e9t\u00e9 &amp; des nuages color\u00e9s.&#8221; &#8220;A brief investigation on blooming, dread &amp; tinted clouds.&#8220;<\/p>\n","protected":false},"author":1,"featured_media":0,"parent":0,"menu_order":0,"comment_status":"closed","ping_status":"closed","template":"","meta":{"om_disable_all_campaigns":false,"_monsterinsights_skip_tracking":false,"_monsterinsights_sitenote_active":false,"_monsterinsights_sitenote_note":"","_monsterinsights_sitenote_category":0,"footnotes":""},"class_list":["post-1522","page","type-page","status-publish","hentry"],"aioseo_notices":[],"_links":{"self":[{"href":"https:\/\/www.corierosesoumah.com\/homepage\/wp-json\/wp\/v2\/pages\/1522","targetHints":{"allow":["GET"]}}],"collection":[{"href":"https:\/\/www.corierosesoumah.com\/homepage\/wp-json\/wp\/v2\/pages"}],"about":[{"href":"https:\/\/www.corierosesoumah.com\/homepage\/wp-json\/wp\/v2\/types\/page"}],"author":[{"embeddable":true,"href":"https:\/\/www.corierosesoumah.com\/homepage\/wp-json\/wp\/v2\/users\/1"}],"replies":[{"embeddable":true,"href":"https:\/\/www.corierosesoumah.com\/homepage\/wp-json\/wp\/v2\/comments?post=1522"}],"version-history":[{"count":8,"href":"https:\/\/www.corierosesoumah.com\/homepage\/wp-json\/wp\/v2\/pages\/1522\/revisions"}],"predecessor-version":[{"id":1814,"href":"https:\/\/www.corierosesoumah.com\/homepage\/wp-json\/wp\/v2\/pages\/1522\/revisions\/1814"}],"wp:attachment":[{"href":"https:\/\/www.corierosesoumah.com\/homepage\/wp-json\/wp\/v2\/media?parent=1522"}],"curies":[{"name":"wp","href":"https:\/\/api.w.org\/{rel}","templated":true}]}}