{"id":1508,"date":"2025-06-11T20:52:16","date_gmt":"2025-06-11T20:52:16","guid":{"rendered":"https:\/\/www.corierosesoumah.com\/homepage\/?page_id=1508"},"modified":"2026-03-10T21:07:33","modified_gmt":"2026-03-10T21:07:33","slug":"in-the-cathedral-of-our-ribs","status":"publish","type":"page","link":"https:\/\/www.corierosesoumah.com\/homepage\/in-the-cathedral-of-our-ribs\/","title":{"rendered":"In the Cathedral Of Our Ribs"},"content":{"rendered":"\n<p class=\"animated fadeIn\" style=\"font-size:12px;font-style:normal;font-weight:300;line-height:1.2\"><em>for flute, clarinet, piano, percussion, violin, cello, electronics &amp; shell instruments<\/em> (2023)<br>9 minutes<br>commissioned by Paramirabo<br><br><em>pour fl\u00fbte, clarinette, piano, percussion, violon, violoncelle, \u00e9lectroniques &amp; instruments coquillages<\/em> (2023)<br>9 minutes<br>command\u00e9e by Paramirabo<\/p>\n\n\n\n<figure class=\"wp-block-image alignleft size-full is-resized animated fadeIn\"><img fetchpriority=\"high\" decoding=\"async\" width=\"2048\" height=\"1365\" src=\"https:\/\/www.corierosesoumah.com\/wp-content\/uploads\/2025\/06\/485148781_1269833148119201_3354259812329989065_n.jpg\" alt=\"\" class=\"wp-image-1511\" style=\"width:700px\" srcset=\"https:\/\/www.corierosesoumah.com\/wp-content\/uploads\/2025\/06\/485148781_1269833148119201_3354259812329989065_n.jpg 2048w, https:\/\/www.corierosesoumah.com\/wp-content\/uploads\/2025\/06\/485148781_1269833148119201_3354259812329989065_n-300x200.jpg 300w, https:\/\/www.corierosesoumah.com\/wp-content\/uploads\/2025\/06\/485148781_1269833148119201_3354259812329989065_n-1024x683.jpg 1024w, https:\/\/www.corierosesoumah.com\/wp-content\/uploads\/2025\/06\/485148781_1269833148119201_3354259812329989065_n-768x512.jpg 768w, https:\/\/www.corierosesoumah.com\/wp-content\/uploads\/2025\/06\/485148781_1269833148119201_3354259812329989065_n-1536x1024.jpg 1536w\" sizes=\"(max-width: 2048px) 100vw, 2048px\" \/><\/figure>\n\n\n\n<div style=\"height:5px\" aria-hidden=\"true\" class=\"wp-block-spacer\"><\/div>\n\n\n\n<div class=\"wp-block-columns animated fadeIn is-layout-flex wp-container-core-columns-is-layout-28f84493 wp-block-columns-is-layout-flex\">\n<div class=\"wp-block-column is-layout-flow wp-block-column-is-layout-flow\">\n<figure class=\"wp-block-image size-large\"><img decoding=\"async\" width=\"1024\" height=\"683\" src=\"https:\/\/www.corierosesoumah.com\/wp-content\/uploads\/2025\/06\/IMG_1085-1024x683.jpg\" alt=\"\" class=\"wp-image-1513\" style=\"object-fit:cover\" srcset=\"https:\/\/www.corierosesoumah.com\/wp-content\/uploads\/2025\/06\/IMG_1085-1024x683.jpg 1024w, https:\/\/www.corierosesoumah.com\/wp-content\/uploads\/2025\/06\/IMG_1085-300x200.jpg 300w, https:\/\/www.corierosesoumah.com\/wp-content\/uploads\/2025\/06\/IMG_1085-768x512.jpg 768w, https:\/\/www.corierosesoumah.com\/wp-content\/uploads\/2025\/06\/IMG_1085-1536x1024.jpg 1536w, https:\/\/www.corierosesoumah.com\/wp-content\/uploads\/2025\/06\/IMG_1085.jpg 2048w\" sizes=\"(max-width: 1024px) 100vw, 1024px\" \/><\/figure>\n\n\n\n<p style=\"font-size:0.7rem;font-style:normal;font-weight:300\">&#8220;[\u2026] So much goes downhill: our joints <br>wearing out with every mile,<br>the delicate folds of the eardrum <br>exhausted from years of listening.<br><br>I\u2019m grateful for small victories.<br><br>The way the heart still beats time <br>in the cathedral of the ribs.&#8221;<br><br><em>Danusha Lam\u00e9ris<\/em><\/p>\n<\/div>\n\n\n\n<div class=\"wp-block-column has-global-padding is-layout-constrained wp-block-column-is-layout-constrained\">\n<figure class=\"wp-block-image alignleft size-full is-resized\"><img decoding=\"async\" width=\"1365\" height=\"2048\" src=\"https:\/\/www.corierosesoumah.com\/wp-content\/uploads\/2025\/06\/IMG_1084.jpg\" alt=\"\" class=\"wp-image-1512\" style=\"aspect-ratio:3\/4;object-fit:cover;width:auto;height:600px\" srcset=\"https:\/\/www.corierosesoumah.com\/wp-content\/uploads\/2025\/06\/IMG_1084.jpg 1365w, https:\/\/www.corierosesoumah.com\/wp-content\/uploads\/2025\/06\/IMG_1084-200x300.jpg 200w, https:\/\/www.corierosesoumah.com\/wp-content\/uploads\/2025\/06\/IMG_1084-683x1024.jpg 683w, https:\/\/www.corierosesoumah.com\/wp-content\/uploads\/2025\/06\/IMG_1084-768x1152.jpg 768w, https:\/\/www.corierosesoumah.com\/wp-content\/uploads\/2025\/06\/IMG_1084-1024x1536.jpg 1024w\" sizes=\"(max-width: 1365px) 100vw, 1365px\" \/><\/figure>\n<\/div>\n<\/div>\n","protected":false},"excerpt":{"rendered":"<p>for flute, clarinet, piano, percussion, violin, cello, electronics &amp; shell instruments (2023)9 minutescommissioned by Paramirabo pour fl\u00fbte, clarinette, piano, percussion, violon, violoncelle, \u00e9lectroniques &amp; instruments coquillages (2023)9 minutescommand\u00e9e by Paramirabo &#8220;[\u2026] So much goes downhill: our joints wearing out with every mile,the delicate folds of the eardrum exhausted from years of listening. I\u2019m grateful for [&hellip;]<\/p>\n","protected":false},"author":1,"featured_media":0,"parent":0,"menu_order":0,"comment_status":"closed","ping_status":"closed","template":"","meta":{"om_disable_all_campaigns":false,"_monsterinsights_skip_tracking":false,"_monsterinsights_sitenote_active":false,"_monsterinsights_sitenote_note":"","_monsterinsights_sitenote_category":0,"footnotes":""},"class_list":["post-1508","page","type-page","status-publish","hentry"],"aioseo_notices":[],"_links":{"self":[{"href":"https:\/\/www.corierosesoumah.com\/homepage\/wp-json\/wp\/v2\/pages\/1508","targetHints":{"allow":["GET"]}}],"collection":[{"href":"https:\/\/www.corierosesoumah.com\/homepage\/wp-json\/wp\/v2\/pages"}],"about":[{"href":"https:\/\/www.corierosesoumah.com\/homepage\/wp-json\/wp\/v2\/types\/page"}],"author":[{"embeddable":true,"href":"https:\/\/www.corierosesoumah.com\/homepage\/wp-json\/wp\/v2\/users\/1"}],"replies":[{"embeddable":true,"href":"https:\/\/www.corierosesoumah.com\/homepage\/wp-json\/wp\/v2\/comments?post=1508"}],"version-history":[{"count":4,"href":"https:\/\/www.corierosesoumah.com\/homepage\/wp-json\/wp\/v2\/pages\/1508\/revisions"}],"predecessor-version":[{"id":1806,"href":"https:\/\/www.corierosesoumah.com\/homepage\/wp-json\/wp\/v2\/pages\/1508\/revisions\/1806"}],"wp:attachment":[{"href":"https:\/\/www.corierosesoumah.com\/homepage\/wp-json\/wp\/v2\/media?parent=1508"}],"curies":[{"name":"wp","href":"https:\/\/api.w.org\/{rel}","templated":true}]}}