{"id":1482,"date":"2025-06-11T20:48:33","date_gmt":"2025-06-11T20:48:33","guid":{"rendered":"https:\/\/www.corierosesoumah.com\/homepage\/?page_id=1482"},"modified":"2026-03-10T21:04:56","modified_gmt":"2026-03-10T21:04:56","slug":"spinning-touched-undreamt-snow","status":"publish","type":"page","link":"https:\/\/www.corierosesoumah.com\/homepage\/spinning-touched-undreamt-snow\/","title":{"rendered":"SPINNING, TOUCHED, UNDREAMT; SNOW-"},"content":{"rendered":"\n<p class=\"animated fadeIn\" style=\"font-size:12px;font-style:normal;font-weight:300;line-height:1.2\"><em>for piano, tenor saxophone, electric guitar, percussion and fixed electronics<\/em> (2022)<br>for Hypercube<br>16 minutes<br><br><em>pour piano, saxophone t\u00e9nor, guitare \u00e9lectrique, percussion et bande fixe<\/em> (2022)<br>pour Hypercube<br>16 minutes<\/p>\n\n\n\n<figure class=\"wp-block-image alignleft size-full is-resized animated fadeIn\"><img fetchpriority=\"high\" decoding=\"async\" width=\"2560\" height=\"1707\" src=\"https:\/\/www.corierosesoumah.com\/wp-content\/uploads\/2025\/06\/50-scaled.jpg\" alt=\"\" class=\"wp-image-1484\" style=\"width:700px\" srcset=\"https:\/\/www.corierosesoumah.com\/wp-content\/uploads\/2025\/06\/50-scaled.jpg 2560w, https:\/\/www.corierosesoumah.com\/wp-content\/uploads\/2025\/06\/50-300x200.jpg 300w, https:\/\/www.corierosesoumah.com\/wp-content\/uploads\/2025\/06\/50-1024x683.jpg 1024w, https:\/\/www.corierosesoumah.com\/wp-content\/uploads\/2025\/06\/50-768x512.jpg 768w, https:\/\/www.corierosesoumah.com\/wp-content\/uploads\/2025\/06\/50-1536x1024.jpg 1536w, https:\/\/www.corierosesoumah.com\/wp-content\/uploads\/2025\/06\/50-2048x1365.jpg 2048w\" sizes=\"(max-width: 2560px) 100vw, 2560px\" \/><\/figure>\n\n\n\n<div style=\"height:5px\" aria-hidden=\"true\" class=\"wp-block-spacer\"><\/div>\n\n\n\n<p class=\"has-text-align-left animated fadeIn\" style=\"font-size:0.7rem;font-style:normal;font-weight:300\">\u201c\u2018SPINNING, TOUCHED, UNDREAMT; SNOW-\u2019 explores the very complexities of womanhood and their subsequent layers of falsified dreams and expectations. The piece is a large frisky, melted spiciness and drunken distorted song composed of a teenage fatigue and self-realization. \u2018SPINNING\u2026\u2019 formed itself around my deep interest in soap TV shows from Korea. Korean Dramas have been my fiercest companion over the last thirteen years despite all the changes, twirls and growth that happened to me. I rely on my immense love for them to create sonic textures between acoustic and analog sounds. No second lead character or secret inheritor have been forgotten in the process of making this piece.\u201d<br><br><em>\u201c\u2018SPINNING, TOUCHED, UNDREAMT; SNOW- \u00bb explore les complexit\u00e9s de la condition de la femme ainsi que les multiples r\u00eaves et attentes falsifi\u00e9es qui en d\u00e9coulent. La pi\u00e8ce est une chanson joyeuse, \u00e9pic\u00e9e et ivre, entrem\u00eal\u00e9e d\u2019une fatigue adolescente et d\u2019une prise de conscience de soi. \u00ab SPINNING\u2026 \u00bb s\u2019est form\u00e9e autour de mon profond int\u00e9r\u00eat pour les feuilletons t\u00e9l\u00e9vis\u00e9s cor\u00e9ens. Ces dramas cor\u00e9ens ont \u00e9t\u00e9 mes plus fid\u00e8les compagnons au cours des treize derni\u00e8res ann\u00e9es, malgr\u00e9 tous les bouleversements, les spirales identitaires et l\u2019\u00e9volution que j\u2019ai v\u00e9cus. Je m\u2019appuie sur cet amour immense que je leur porte afin de cr\u00e9er des textures sonores m\u00ealant sons acoustiques et analogiques.\u201d<\/em><\/p>\n\n\n\n<p class=\"has-text-align-left animated fadeIn\" style=\"font-size:0.7rem;font-style:normal;font-weight:300\"><strong>Critique: <\/strong><em>&#8220;Musicalement, je r\u00e9sumerai en disant que Soumah et Goudreau sont les meilleurs pour tirer profit des possibilit\u00e9s coloristiques de l\u2019ensemble Hypercube, en les int\u00e9grant dans des constructions dramatiques efficaces, discursivement \u00e9clat\u00e9es mais compr\u00e9hensibles. Corie Rose Soumah est l\u2019une des voix les plus int\u00e9ressantes de la rel\u00e8ve en musique savante, et sa page Soundcloud devrait \u00eatre une priorit\u00e9 d\u2019\u00e9coute, si la chose contemporaine vous int\u00e9resse vraiment.&#8221;<\/em> (Pan M 360 &#8211; Le Vivier | Corie Rose Soumah et invit\u00e9s: beaucoup d\u2019aptitudes, moins de surprises)<em><br><\/em><\/p>\n\n\n\n<figure class=\"wp-block-embed is-type-video is-provider-youtube wp-block-embed-youtube wp-embed-aspect-16-9 wp-has-aspect-ratio\"><div class=\"wp-block-embed__wrapper\">\n<iframe title=\"Corie Rose Soumah \u2014 SPINNING, TOUCHED, UNDREAMT; SNOW- [w\/ score]\" width=\"500\" height=\"281\" src=\"https:\/\/www.youtube.com\/embed\/ez2euTGGwNw?feature=oembed\" frameborder=\"0\" allow=\"accelerometer; autoplay; clipboard-write; encrypted-media; gyroscope; picture-in-picture; web-share\" referrerpolicy=\"strict-origin-when-cross-origin\" allowfullscreen><\/iframe>\n<\/div><\/figure>\n","protected":false},"excerpt":{"rendered":"<p>for piano, tenor saxophone, electric guitar, percussion and fixed electronics (2022)for Hypercube16 minutes pour piano, saxophone t\u00e9nor, guitare \u00e9lectrique, percussion et bande fixe (2022)pour Hypercube16 minutes \u201c\u2018SPINNING, TOUCHED, UNDREAMT; SNOW-\u2019 explores the very complexities of womanhood and their subsequent layers of falsified dreams and expectations. The piece is a large frisky, melted spiciness and drunken [&hellip;]<\/p>\n","protected":false},"author":1,"featured_media":0,"parent":0,"menu_order":0,"comment_status":"closed","ping_status":"closed","template":"","meta":{"om_disable_all_campaigns":false,"_monsterinsights_skip_tracking":false,"_monsterinsights_sitenote_active":false,"_monsterinsights_sitenote_note":"","_monsterinsights_sitenote_category":0,"footnotes":""},"class_list":["post-1482","page","type-page","status-publish","hentry"],"aioseo_notices":[],"_links":{"self":[{"href":"https:\/\/www.corierosesoumah.com\/homepage\/wp-json\/wp\/v2\/pages\/1482","targetHints":{"allow":["GET"]}}],"collection":[{"href":"https:\/\/www.corierosesoumah.com\/homepage\/wp-json\/wp\/v2\/pages"}],"about":[{"href":"https:\/\/www.corierosesoumah.com\/homepage\/wp-json\/wp\/v2\/types\/page"}],"author":[{"embeddable":true,"href":"https:\/\/www.corierosesoumah.com\/homepage\/wp-json\/wp\/v2\/users\/1"}],"replies":[{"embeddable":true,"href":"https:\/\/www.corierosesoumah.com\/homepage\/wp-json\/wp\/v2\/comments?post=1482"}],"version-history":[{"count":6,"href":"https:\/\/www.corierosesoumah.com\/homepage\/wp-json\/wp\/v2\/pages\/1482\/revisions"}],"predecessor-version":[{"id":1805,"href":"https:\/\/www.corierosesoumah.com\/homepage\/wp-json\/wp\/v2\/pages\/1482\/revisions\/1805"}],"wp:attachment":[{"href":"https:\/\/www.corierosesoumah.com\/homepage\/wp-json\/wp\/v2\/media?parent=1482"}],"curies":[{"name":"wp","href":"https:\/\/api.w.org\/{rel}","templated":true}]}}