{"id":1477,"date":"2025-06-08T16:32:38","date_gmt":"2025-06-08T16:32:38","guid":{"rendered":"https:\/\/www.corierosesoumah.com\/homepage\/?page_id=1477"},"modified":"2026-03-10T20:52:37","modified_gmt":"2026-03-10T20:52:37","slug":"dyptique","status":"publish","type":"page","link":"https:\/\/www.corierosesoumah.com\/homepage\/dyptique\/","title":{"rendered":"Dyptique"},"content":{"rendered":"\n<p class=\"animated fadeIn\" style=\"font-size:12px;font-style:normal;font-weight:300;line-height:1.2\"><em>for electric guitar quartet<\/em> (2020)<br>12 minutes<br>commissioned by Instruments of Happiness<br><br><em>pour quatuor de guitare \u00e9lectrique<\/em> (2020)<br>12 minutes<em><br><\/em>command\u00e9e par Instruments of Happiness<\/p>\n\n\n\n<figure class=\"wp-block-image alignleft size-full is-resized animated fadeIn\"><img fetchpriority=\"high\" decoding=\"async\" width=\"2048\" height=\"1311\" src=\"https:\/\/www.corierosesoumah.com\/wp-content\/uploads\/2025\/06\/468457979_10162330378689419_4037854001570209414_n.jpg\" alt=\"\" class=\"wp-image-1479\" style=\"width:700px\" srcset=\"https:\/\/www.corierosesoumah.com\/wp-content\/uploads\/2025\/06\/468457979_10162330378689419_4037854001570209414_n.jpg 2048w, https:\/\/www.corierosesoumah.com\/wp-content\/uploads\/2025\/06\/468457979_10162330378689419_4037854001570209414_n-300x192.jpg 300w, https:\/\/www.corierosesoumah.com\/wp-content\/uploads\/2025\/06\/468457979_10162330378689419_4037854001570209414_n-1024x656.jpg 1024w, https:\/\/www.corierosesoumah.com\/wp-content\/uploads\/2025\/06\/468457979_10162330378689419_4037854001570209414_n-768x492.jpg 768w, https:\/\/www.corierosesoumah.com\/wp-content\/uploads\/2025\/06\/468457979_10162330378689419_4037854001570209414_n-1536x983.jpg 1536w\" sizes=\"(max-width: 2048px) 100vw, 2048px\" \/><\/figure>\n\n\n\n<div style=\"height:5px\" aria-hidden=\"true\" class=\"wp-block-spacer\"><\/div>\n\n\n\n<p class=\"has-text-align-left animated fadeIn\" style=\"font-size:0.7rem;font-style:normal;font-weight:300\">\u00ab J\u2019ai cherch\u00e9 ici dans cette pi\u00e8ce en deux tableaux d\u2019\u00e9claircir au mieux les diff\u00e9rentes col\u00e8res v\u00e9cues au courant d\u2019une ann\u00e9e de solitude impos\u00e9e par le grand confinement.<br><br>Une contemplation de nos habitudes, des d\u00e9c\u00e8s injustifiables, du commun, du contact de la peau des autres, des changements de territoire, des similitudes, des impressions du quotidien, de la lumi\u00e8re, de la sueur des bois, des \u00e9toiles ; des injustices.<br><br>Respirer, perdre ses rep\u00e8res, puis, s\u2019accrocher ;<br><br>aux quelques r\u00eaves restants. \u00bb<\/p>\n\n\n\n<iframe width=\"100%\" height=\"166\" scrolling=\"no\" frameborder=\"no\" allow=\"autoplay\" src=\"https:\/\/w.soundcloud.com\/player\/?url=https%3A\/\/api.soundcloud.com\/tracks\/1274584198&#038;color=%2337352c&#038;auto_play=false&#038;hide_related=true&#038;show_comments=true&#038;show_user=true&#038;show_reposts=false&#038;show_teaser=false\"><\/iframe><div style=\"font-size: 10px; color: #cccccc;line-break: anywhere;word-break: normal;overflow: hidden;white-space: nowrap;text-overflow: ellipsis; font-family: Interstate,Lucida Grande,Lucida Sans Unicode,Lucida Sans,Garuda,Verdana,Tahoma,sans-serif;font-weight: 100;\"><a href=\"https:\/\/soundcloud.com\/coriesoumah\" title=\"Corie Rose Soumah\" target=\"_blank\" style=\"color: #cccccc; text-decoration: none;\">Corie Rose Soumah<\/a> \u00b7 <a href=\"https:\/\/soundcloud.com\/coriesoumah\/ii-dhumeur-et-de-parfums-partages\" title=\"ii. ...d&#x27;humeur et de parfums partage\u0301s.\" target=\"_blank\" style=\"color: #cccccc; text-decoration: none;\">ii. &#8230;d&#x27;humeur et de parfums partage\u0301s.<\/a><\/div>\n","protected":false},"excerpt":{"rendered":"<p>for electric guitar quartet (2020)12 minutescommissioned by Instruments of Happiness pour quatuor de guitare \u00e9lectrique (2020)12 minutescommand\u00e9e par Instruments of Happiness \u00ab J\u2019ai cherch\u00e9 ici dans cette pi\u00e8ce en deux tableaux d\u2019\u00e9claircir au mieux les diff\u00e9rentes col\u00e8res v\u00e9cues au courant d\u2019une ann\u00e9e de solitude impos\u00e9e par le grand confinement. Une contemplation de nos habitudes, des [&hellip;]<\/p>\n","protected":false},"author":1,"featured_media":0,"parent":0,"menu_order":0,"comment_status":"closed","ping_status":"closed","template":"","meta":{"om_disable_all_campaigns":false,"_monsterinsights_skip_tracking":false,"_monsterinsights_sitenote_active":false,"_monsterinsights_sitenote_note":"","_monsterinsights_sitenote_category":0,"footnotes":""},"class_list":["post-1477","page","type-page","status-publish","hentry"],"aioseo_notices":[],"_links":{"self":[{"href":"https:\/\/www.corierosesoumah.com\/homepage\/wp-json\/wp\/v2\/pages\/1477","targetHints":{"allow":["GET"]}}],"collection":[{"href":"https:\/\/www.corierosesoumah.com\/homepage\/wp-json\/wp\/v2\/pages"}],"about":[{"href":"https:\/\/www.corierosesoumah.com\/homepage\/wp-json\/wp\/v2\/types\/page"}],"author":[{"embeddable":true,"href":"https:\/\/www.corierosesoumah.com\/homepage\/wp-json\/wp\/v2\/users\/1"}],"replies":[{"embeddable":true,"href":"https:\/\/www.corierosesoumah.com\/homepage\/wp-json\/wp\/v2\/comments?post=1477"}],"version-history":[{"count":5,"href":"https:\/\/www.corierosesoumah.com\/homepage\/wp-json\/wp\/v2\/pages\/1477\/revisions"}],"predecessor-version":[{"id":1799,"href":"https:\/\/www.corierosesoumah.com\/homepage\/wp-json\/wp\/v2\/pages\/1477\/revisions\/1799"}],"wp:attachment":[{"href":"https:\/\/www.corierosesoumah.com\/homepage\/wp-json\/wp\/v2\/media?parent=1477"}],"curies":[{"name":"wp","href":"https:\/\/api.w.org\/{rel}","templated":true}]}}