{"id":1465,"date":"2025-06-11T20:46:45","date_gmt":"2025-06-11T20:46:45","guid":{"rendered":"https:\/\/www.corierosesoumah.com\/homepage\/?page_id=1465"},"modified":"2026-03-10T20:53:25","modified_gmt":"2026-03-10T20:53:25","slug":"moments-interieurs-i-parois-crevasse","status":"publish","type":"page","link":"https:\/\/www.corierosesoumah.com\/homepage\/moments-interieurs-i-parois-crevasse\/","title":{"rendered":"Moments int\u00e9rieurs I &#8211; Parois | Crevasse"},"content":{"rendered":"\n<p class=\"animated fadeIn\" style=\"font-size:12px;font-style:normal;font-weight:300;line-height:1.2\"><em>for large ensemble<\/em> (2019)<br>10 minutes<br>commissioned by Contemporary Insight<br><br><em>pour grand ensemble <\/em>(2019)<br>10 minutes<em><br><\/em>command\u00e9e par Contemporary Insight<\/p>\n\n\n\n<figure class=\"wp-block-image alignleft size-full is-resized animated fadeIn\"><img fetchpriority=\"high\" decoding=\"async\" width=\"2324\" height=\"1192\" src=\"https:\/\/www.corierosesoumah.com\/wp-content\/uploads\/2025\/05\/ContemporaryInsight.png\" alt=\"\" class=\"wp-image-1467\" style=\"width:700px\" srcset=\"https:\/\/www.corierosesoumah.com\/wp-content\/uploads\/2025\/05\/ContemporaryInsight.png 2324w, https:\/\/www.corierosesoumah.com\/wp-content\/uploads\/2025\/05\/ContemporaryInsight-300x154.png 300w, https:\/\/www.corierosesoumah.com\/wp-content\/uploads\/2025\/05\/ContemporaryInsight-1024x525.png 1024w, https:\/\/www.corierosesoumah.com\/wp-content\/uploads\/2025\/05\/ContemporaryInsight-768x394.png 768w, https:\/\/www.corierosesoumah.com\/wp-content\/uploads\/2025\/05\/ContemporaryInsight-1536x788.png 1536w, https:\/\/www.corierosesoumah.com\/wp-content\/uploads\/2025\/05\/ContemporaryInsight-2048x1050.png 2048w\" sizes=\"(max-width: 2324px) 100vw, 2324px\" \/><\/figure>\n\n\n\n<div style=\"height:5px\" aria-hidden=\"true\" class=\"wp-block-spacer\"><\/div>\n\n\n\n<p class=\"has-text-align-left animated fadeIn\" style=\"font-size:0.7rem;font-style:normal;font-weight:300\">&#8220;&#8216;Moments int\u00e9rieurs I &#8211; Parois | Crevasse&#8217; is inspired by a physical sensation carved inside the body &#8211; a feeling of particular loneliness or nostalgia. Without necessarily musically impersonating an actual texture of an internal wall, I built this piece as a sort of painting covered of dominating gray lines, sometimes surrounded by white strokes. If gray tones often tend to be associated with a certain type of sadness, in this work, they rather guided me in the creation of sounds inspired of the softness contained in nostalgia. As sounds evolve, the main motif develops itself like a filament becoming an overflow. It then quickly evaporates to create singular interior landscapes and crevasses. &#8216;Moments int\u00e9rieurs I &#8211; Parois | Crevasse&#8217; brings this disturbed tranquility that is common to all of us during those short moments of distress.&#8221;<\/p>\n\n\n\n<p class=\"animated fadeIn\" style=\"font-size:0.7rem;font-style:normal;font-weight:300\">&#8220;<em><em>Moments int\u00e9rieurs I \u2013 Parois | Crevasse<\/em> s\u2019inspire d&#8217;un sensation physique grav\u00e9e \u00e0 l\u2019int\u00e9rieur du corps \u2013 un sentiment de solitude particuli\u00e8re ou de nostalgie. Sans chercher \u00e0 incarner musicalement la texture r\u00e9elle d\u2019une paroi interne, cette pi\u00e8ce devient une sorte de tableau plastique recouvert de lignes \u00e9paisses grises dominantes, parfois entour\u00e9es de touches blanches. Si les tons gris sont souvent associ\u00e9s \u00e0 une certaine forme de tristesse, dans ce travail, ils m\u2019ont plut\u00f4t guid\u00e9 dans la cr\u00e9ation de sonorit\u00e9s douces inspir\u00e9es par la douceur contenue dans la nostalgie. Au fil de l\u2019\u00e9volution des sons, le motif principal se d\u00e9veloppe comme un filament d\u00e9bord\u00e9. Ce dernier s\u2019\u00e9vapore ensuite rapidement pour cr\u00e9er des paysages int\u00e9rieurs singuliers, des crevasses. <em>Moments int\u00e9rieurs I \u2013 Parois | Crevasse<\/em> \u00e9voque cette tranquillit\u00e9 troubl\u00e9e au travers brefs instants de d\u00e9tresse.<\/em>&#8220;<\/p>\n\n\n\n<figure class=\"wp-block-embed aligncenter is-type-video is-provider-youtube wp-block-embed-youtube wp-embed-aspect-16-9 wp-has-aspect-ratio animated fadeIn\"><div class=\"wp-block-embed__wrapper\">\n<iframe title=\"Corie Rose Soumah -  Moments Int\u00e9rieurs I. Parois | Crevasse (2019, world premiere)\" width=\"500\" height=\"281\" src=\"https:\/\/www.youtube.com\/embed\/waAoGcMc-JY?feature=oembed\" frameborder=\"0\" allow=\"accelerometer; autoplay; clipboard-write; encrypted-media; gyroscope; picture-in-picture; web-share\" referrerpolicy=\"strict-origin-when-cross-origin\" allowfullscreen><\/iframe>\n<\/div><\/figure>\n","protected":false},"excerpt":{"rendered":"<p>for large ensemble (2019)10 minutescommissioned by Contemporary Insight pour grand ensemble (2019)10 minutescommand\u00e9e par Contemporary Insight &#8220;&#8216;Moments int\u00e9rieurs I &#8211; Parois | Crevasse&#8217; is inspired by a physical sensation carved inside the body &#8211; a feeling of particular loneliness or nostalgia. Without necessarily musically impersonating an actual texture of an internal wall, I built this [&hellip;]<\/p>\n","protected":false},"author":1,"featured_media":0,"parent":0,"menu_order":0,"comment_status":"closed","ping_status":"closed","template":"","meta":{"om_disable_all_campaigns":false,"_monsterinsights_skip_tracking":false,"_monsterinsights_sitenote_active":false,"_monsterinsights_sitenote_note":"","_monsterinsights_sitenote_category":0,"footnotes":""},"class_list":["post-1465","page","type-page","status-publish","hentry"],"aioseo_notices":[],"_links":{"self":[{"href":"https:\/\/www.corierosesoumah.com\/homepage\/wp-json\/wp\/v2\/pages\/1465","targetHints":{"allow":["GET"]}}],"collection":[{"href":"https:\/\/www.corierosesoumah.com\/homepage\/wp-json\/wp\/v2\/pages"}],"about":[{"href":"https:\/\/www.corierosesoumah.com\/homepage\/wp-json\/wp\/v2\/types\/page"}],"author":[{"embeddable":true,"href":"https:\/\/www.corierosesoumah.com\/homepage\/wp-json\/wp\/v2\/users\/1"}],"replies":[{"embeddable":true,"href":"https:\/\/www.corierosesoumah.com\/homepage\/wp-json\/wp\/v2\/comments?post=1465"}],"version-history":[{"count":9,"href":"https:\/\/www.corierosesoumah.com\/homepage\/wp-json\/wp\/v2\/pages\/1465\/revisions"}],"predecessor-version":[{"id":1801,"href":"https:\/\/www.corierosesoumah.com\/homepage\/wp-json\/wp\/v2\/pages\/1465\/revisions\/1801"}],"wp:attachment":[{"href":"https:\/\/www.corierosesoumah.com\/homepage\/wp-json\/wp\/v2\/media?parent=1465"}],"curies":[{"name":"wp","href":"https:\/\/api.w.org\/{rel}","templated":true}]}}