{"id":1422,"date":"2025-06-11T20:48:46","date_gmt":"2025-06-11T20:48:46","guid":{"rendered":"https:\/\/www.corierosesoumah.com\/homepage\/?page_id=1422"},"modified":"2026-03-10T21:09:52","modified_gmt":"2026-03-10T21:09:52","slug":"like-a-frog-on-the-road-to-it","status":"publish","type":"page","link":"https:\/\/www.corierosesoumah.com\/homepage\/like-a-frog-on-the-road-to-it\/","title":{"rendered":"like a frog on the road to it"},"content":{"rendered":"\n<p class=\"animated fadeIn\" style=\"font-size:12px;font-style:normal;font-weight:300;line-height:1.2\"><em>for six voices and fixed electronics<\/em> (2023)<br>21 minutes<br>commissioned by Ekmeles<br>projections by Camilla Tassi<br><br><em>pour six voix et bande fixe<\/em> (2023)<br>21 minutes<br>command\u00e9e par Ekmeles<br>projections par Camilla Tassi<\/p>\n\n\n\n<figure class=\"wp-block-image alignleft size-full is-resized animated fadeIn\"><img fetchpriority=\"high\" decoding=\"async\" width=\"2048\" height=\"1365\" src=\"https:\/\/www.corierosesoumah.com\/wp-content\/uploads\/2025\/05\/494941950_1251751536960183_3022119001767560416_n.jpg\" alt=\"\" class=\"wp-image-1424\" style=\"width:700px\" srcset=\"https:\/\/www.corierosesoumah.com\/wp-content\/uploads\/2025\/05\/494941950_1251751536960183_3022119001767560416_n.jpg 2048w, https:\/\/www.corierosesoumah.com\/wp-content\/uploads\/2025\/05\/494941950_1251751536960183_3022119001767560416_n-300x200.jpg 300w, https:\/\/www.corierosesoumah.com\/wp-content\/uploads\/2025\/05\/494941950_1251751536960183_3022119001767560416_n-1024x683.jpg 1024w, https:\/\/www.corierosesoumah.com\/wp-content\/uploads\/2025\/05\/494941950_1251751536960183_3022119001767560416_n-768x512.jpg 768w, https:\/\/www.corierosesoumah.com\/wp-content\/uploads\/2025\/05\/494941950_1251751536960183_3022119001767560416_n-1536x1024.jpg 1536w\" sizes=\"(max-width: 2048px) 100vw, 2048px\" \/><\/figure>\n\n\n\n<div style=\"height:5px\" aria-hidden=\"true\" class=\"wp-block-spacer\"><\/div>\n\n\n\n<p class=\"has-text-align-left animated fadeIn\" style=\"font-size:0.7rem;font-style:normal;font-weight:300\">&#8220;A brief investigation on distilled melancholias, nostalgias &amp; summer brightness\u2028<br>or\u2028<br>the land of belonging placed at the liminal verge of shattering identities.&#8221;<br><br><em>&#8220;Une investigation br\u00e8ve sur des m\u00e9lancolies distill\u00e9es, nostalgies et lumi\u00e8res d&#8217;\u00e9t\u00e9<br>ou<br>la friche de l&#8217;appartenance plac\u00e9e aux c\u00f4t\u00e9s d&#8217;identit\u00e9s fragment\u00e9es&#8221;<\/em><\/p>\n\n\n\n<iframe width=\"100%\" height=\"166\" scrolling=\"no\" frameborder=\"no\" allow=\"autoplay\" src=\"https:\/\/w.soundcloud.com\/player\/?url=https%3A\/\/api.soundcloud.com\/tracks\/1530810442&#038;color=%2337352c&#038;auto_play=false&#038;hide_related=true&#038;show_comments=true&#038;show_user=true&#038;show_reposts=false&#038;show_teaser=false\"><\/iframe><div style=\"font-size: 10px; color: #cccccc;line-break: anywhere;word-break: normal;overflow: hidden;white-space: nowrap;text-overflow: ellipsis; font-family: Interstate,Lucida Grande,Lucida Sans Unicode,Lucida Sans,Garuda,Verdana,Tahoma,sans-serif;font-weight: 100;\"><a href=\"https:\/\/soundcloud.com\/coriesoumah\" title=\"Corie Rose Soumah\" target=\"_blank\" style=\"color: #cccccc; text-decoration: none;\">Corie Rose Soumah<\/a> \u00b7 <a href=\"https:\/\/soundcloud.com\/coriesoumah\/like-a-frog-on-the-road-to-it\" title=\"like a frog on the road to it\" target=\"_blank\" style=\"color: #cccccc; text-decoration: none;\">like a frog on the road to it<\/a><\/div>\n","protected":false},"excerpt":{"rendered":"<p>for six voices and fixed electronics (2023)21 minutescommissioned by Ekmelesprojections by Camilla Tassi pour six voix et bande fixe (2023)21 minutescommand\u00e9e par Ekmelesprojections par Camilla Tassi &#8220;A brief investigation on distilled melancholias, nostalgias &amp; summer brightness\u2028or\u2028the land of belonging placed at the liminal verge of shattering identities.&#8221; &#8220;Une investigation br\u00e8ve sur des m\u00e9lancolies distill\u00e9es, nostalgies [&hellip;]<\/p>\n","protected":false},"author":1,"featured_media":0,"parent":0,"menu_order":0,"comment_status":"closed","ping_status":"closed","template":"","meta":{"om_disable_all_campaigns":false,"_monsterinsights_skip_tracking":false,"_monsterinsights_sitenote_active":false,"_monsterinsights_sitenote_note":"","_monsterinsights_sitenote_category":0,"footnotes":""},"class_list":["post-1422","page","type-page","status-publish","hentry"],"aioseo_notices":[],"_links":{"self":[{"href":"https:\/\/www.corierosesoumah.com\/homepage\/wp-json\/wp\/v2\/pages\/1422","targetHints":{"allow":["GET"]}}],"collection":[{"href":"https:\/\/www.corierosesoumah.com\/homepage\/wp-json\/wp\/v2\/pages"}],"about":[{"href":"https:\/\/www.corierosesoumah.com\/homepage\/wp-json\/wp\/v2\/types\/page"}],"author":[{"embeddable":true,"href":"https:\/\/www.corierosesoumah.com\/homepage\/wp-json\/wp\/v2\/users\/1"}],"replies":[{"embeddable":true,"href":"https:\/\/www.corierosesoumah.com\/homepage\/wp-json\/wp\/v2\/comments?post=1422"}],"version-history":[{"count":7,"href":"https:\/\/www.corierosesoumah.com\/homepage\/wp-json\/wp\/v2\/pages\/1422\/revisions"}],"predecessor-version":[{"id":1807,"href":"https:\/\/www.corierosesoumah.com\/homepage\/wp-json\/wp\/v2\/pages\/1422\/revisions\/1807"}],"wp:attachment":[{"href":"https:\/\/www.corierosesoumah.com\/homepage\/wp-json\/wp\/v2\/media?parent=1422"}],"curies":[{"name":"wp","href":"https:\/\/api.w.org\/{rel}","templated":true}]}}