{"id":1016,"date":"2024-01-18T20:25:51","date_gmt":"2024-01-18T20:25:51","guid":{"rendered":"https:\/\/www.corierosesoumah.com\/?page_id=1016"},"modified":"2026-04-29T17:24:31","modified_gmt":"2026-04-29T17:24:31","slug":"catalogue","status":"publish","type":"page","link":"https:\/\/www.corierosesoumah.com\/homepage\/catalogue\/","title":{"rendered":"Catalogue"},"content":{"rendered":"\n<p class=\"animated fadeIn has-black-color has-text-color\" style=\"font-size:clamp(14px, 0.875rem + ((1vw - 3.2px) * 0.313), 18px);font-style:normal;font-weight:200;letter-spacing:3px\">UPCOMING<\/p>\n\n\n\n<p class=\"animated fadeIn has-foreground-color has-text-color\" style=\"font-size:12px;font-style:normal;font-weight:300\"><em>[new work] for ensemble PHACE 2026<\/em><br><em>[new work] for Alkali Collective 2027<\/em><br><em>[new work] for Paramirabo 2028<\/em><\/p>\n\n\n\n<p class=\"animated fadeIn has-black-color has-text-color\" style=\"font-size:clamp(14px, 0.875rem + ((1vw - 3.2px) * 0.313), 18px);font-style:normal;font-weight:200;letter-spacing:3px\">LARGE ENSEMBLE\/GRAND ENSEMBLE<\/p>\n\n\n\n<p class=\"animated fadeIn\" style=\"font-size:12px;font-style:normal;font-weight:300\"><em><a href=\"https:\/\/www.corierosesoumah.com\/homepage\/tossed-parachutes-of-lilacs-and-lungs\/\" title=\"Moments int\u00e9rieurs I\nParois | Crevasses\">Tossed Parachutes of Lilacs and Lungs<\/a><\/em><br>2025<br>for chamber ensemble and fixed electronics<br>pour ensemble et bande fixe<br>[Flt.\/Cl.\/Perc.\/E.Guit.\/Pno.\/Vln.\/Vla.\/Vc.]<br>13 minutes<\/p>\n\n\n\n<p class=\"animated fadeIn\" style=\"font-size:12px;font-style:normal;font-weight:300\"><em><a href=\"https:\/\/www.corierosesoumah.com\/homepage\/moments-interieurs-i-parois-crevasse\/\" title=\"Moments int\u00e9rieurs I\nParois | Crevasses\">Moments int\u00e9rieurs I Parois | Crevasses<\/a><\/em><br>2020 (r\u00e9v. 2022)<br>For alt. fl., ob., b.cl., bn.\/ hn., tpt., trbn.\/ pn., perc (I).\/ vln.I, vln.II, vla., vlc., d.b.<br>Pour alt. fl., hb., cl.b., bn.\/ hn., tpt., trbn.\/ pn., perc (I).\/ vln.I, vln.II, alt., vlc., c.b.<br>11 minutes<\/p>\n\n\n\n<p class=\"animated fadeIn has-black-color has-text-color\" style=\"font-size:clamp(14px, 0.875rem + ((1vw - 3.2px) * 0.313), 18px);font-style:normal;font-weight:200;letter-spacing:3px\">CHAMBER\/MUSIQUE DE CHAMBRE<\/p>\n\n\n\n<p class=\"animated fadeIn\" style=\"font-size:12px;font-style:normal;font-weight:300\"><a href=\"https:\/\/www.corierosesoumah.com\/homepage\/the-flower-of-having-passed-through-paradise-in-a-dream\/\" title=\"\">the flower of having passed through paradise in a dream<\/a><br>(2026)<br>for saxophone quartet, melodicas, fixed and live electronics + video<br>pour quatuor de saxophones, m\u00e9lodicas, vid\u00e9o et \u00e9lectroniques (traitements fixes et en temps r\u00e9el)<br>16 minutes<\/p>\n\n\n\n<p class=\"animated fadeIn\" style=\"font-size:12px;font-style:normal;font-weight:300\"><a href=\"https:\/\/www.corierosesoumah.com\/homepage\/dead-tales-spurred\/\" title=\"\">DEAD TALES, spurred<\/a><br>(2025)<br>for flute, tenor saxophone, piano, percussion &amp; electronics<br>pour fl\u00fbte, saxophone t\u00e9nor, piano, percussion &amp; \u00e9lectroniques<br>10 minutes<\/p>\n\n\n\n<p class=\"animated fadeIn\" style=\"font-size:12px;font-style:normal;font-weight:300\"><a href=\"https:\/\/www.corierosesoumah.com\/homepage\/we-to-be-so-transformed\/\" title=\"\">We, To Be So Transformed<\/a><br>(2025)<br>for string quartet<br>pour quatuor \u00e0 cordes<br>20 minutes<\/p>\n\n\n\n<p class=\"animated fadeIn\" style=\"font-size:12px;font-style:normal;font-weight:300\"><a href=\"https:\/\/www.corierosesoumah.com\/homepage\/states-of-intermeshing\/\" title=\"\">States of Intermeshing<\/a><br>(2024-&#8230;)<br>for flute, clarinet, piano, percussion, violin, cello, electronics &amp; additional instruments<br>pour fl\u00fbte, clarinette, piano, percussion, violon, violoncelle, \u00e9lectroniques &amp; instruments variables<br><br><em>iv. in-situ (electronics)<\/em><br><em>v. of emptiness cut out into black lightning (pierrot and electronics)<\/em><br><em>vi . come to fall (electronic(s))<\/em><br><em>vii. what is past is prologue; (pierrot, electronics and Table de babel)<\/em><br><em>xi. \u00e9pilogue (violin, cello, piano and electronics)<\/em><\/p>\n\n\n\n<p class=\"animated fadeIn\" style=\"font-size:12px;font-style:normal;font-weight:300\"><a href=\"https:\/\/www.corierosesoumah.com\/homepage\/like-a-frog-on-the-road-to-it\/\" title=\"oscilliations\/d\u00e9nouages\/artificialit\u00e9s\/frisure des pluies\">like a frog on the road to it<\/a><br>(2023)<br>for six voices and fixed electronics<br>pour six voix et bande fixe<br>21 minutes<\/p>\n\n\n\n<p class=\"animated fadeIn\" style=\"font-size:12px;font-style:normal;font-weight:300\"><a href=\"https:\/\/www.corierosesoumah.com\/homepage\/in-the-cathedral-of-our-ribs\/\" title=\"oscilliations\/d\u00e9nouages\/artificialit\u00e9s\/frisure des pluies\">In the Cathedral Of Our Ribs<\/a><br>(2022)<br>for flute, clarinet, piano, percussion, violin, cello, electronics &amp; shell instruments<br>pour fl\u00fbte, clarinette, piano, percussion, violon, violoncelle, \u00e9lectroniques &amp; instruments coquillages<br>9 minutes<\/p>\n\n\n\n<p class=\"animated fadeIn\" style=\"font-size:12px;font-style:normal;font-weight:300\"><a href=\"https:\/\/www.corierosesoumah.com\/homepage\/spinning-touched-undreamt-snow\/\" title=\"oscilliations\/d\u00e9nouages\/artificialit\u00e9s\/frisure des pluies\">SPINNING, TOUCHED, UNDREAMT; SNOW-<\/a><br>(2022)<br>for six voices and fixed electronics<br>pour six voix et bande fixe<br>21 minutes<\/p>\n\n\n\n<p class=\"animated fadeIn\" style=\"font-size:12px;font-style:normal;font-weight:300\"><a href=\"https:\/\/www.corierosesoumah.com\/homepage\/impressions-et-proximites\/\" title=\"oscilliations\/d\u00e9nouages\/artificialit\u00e9s\/frisure des pluies\">Impressions et proximit\u00e9s<\/a><br>(2020)<br>for piccolo, tenor saxophone, violin, cello and piano<br>pour piccolo, saxophone t\u00e9nor, violon, violoncelle and piano<br>6 minutes<\/p>\n\n\n\n<p class=\"animated fadeIn\" style=\"font-size:12px;font-style:normal;font-weight:300\"><a href=\"https:\/\/www.corierosesoumah.com\/homepage\/dyptique\/\" title=\"Dyptique\">Diptyque<\/a><br>(2019)<br>for electric guitar quartet<br>pour quatuor de guitare \u00e9lectrique<br>12 minutes<\/p>\n\n\n\n<p class=\"animated fadeIn\" style=\"font-size:12px;font-style:normal;font-weight:300\"><a href=\"https:\/\/www.corierosesoumah.com\/homepage\/reflets\/\" title=\"oscilliations\/d\u00e9nouages\/artificialit\u00e9s\/frisure des pluies\">Reflets<\/a><br>(2019)<br>for string quartet<br>pour quatuor \u00e0 cordes<br>5 minutes<\/p>\n\n\n\n<p class=\"animated fadeIn has-black-color has-text-color\" style=\"font-size:clamp(14px, 0.875rem + ((1vw - 3.2px) * 0.313), 18px);font-style:normal;font-weight:200;letter-spacing:3px\">SOLO\/DUO<\/p>\n\n\n\n<p class=\"animated fadeIn\" style=\"font-size:12px;font-style:normal;font-weight:300\"><a href=\"https:\/\/www.corierosesoumah.com\/homepage\/limpidites-vii\/\" title=\"\">Limpidit\u00e9s VII<\/a><br>(2025)<br>for solo voice and electronics<br>pour voix solo et \u00e9lectroniques<br>10 minutes<\/p>\n\n\n\n<p class=\"animated fadeIn\" style=\"font-size:12px;font-style:normal;font-weight:300\"><a href=\"https:\/\/www.corierosesoumah.com\/homepage\/limpidites-vi\/\" title=\"oscilliations\/d\u00e9nouages\/artificialit\u00e9s\/frisure des pluies\">Limpidit\u00e9s VI<\/a><br>(2025-&#8230;)<br>for two saxophones<br>pour deux saxophones<br>10 minutes<\/p>\n\n\n\n<p class=\"animated fadeIn\" style=\"font-size:12px;font-style:normal;font-weight:300\"><a href=\"https:\/\/www.corierosesoumah.com\/homepage\/porcelains-eco-stillmagical\/\" title=\"oscilliations\/d\u00e9nouages\/artificialit\u00e9s\/frisure des pluies\">porcelains\/eco\/#stillmagical<\/a><br>(2024)<br>for live electronics and shells<br>pour \u00e9lectroniques en temps r\u00e9el et coquillages<br>14 minutes<\/p>\n\n\n\n<p class=\"animated fadeIn\" style=\"font-size:12px;font-style:normal;font-weight:300\">Limpidit\u00e9s V<br>(2022)<br>for french horn<br>pour cor en fa<br>2 minutes<\/p>\n\n\n\n<p class=\"animated fadeIn\" style=\"font-size:12px;font-style:normal;font-weight:300\"><a href=\"https:\/\/www.corierosesoumah.com\/homepage\/limpidites-iv\/\" title=\"oscilliations\/d\u00e9nouages\/artificialit\u00e9s\/frisure des pluies\">Limpidit\u00e9s IV<\/a><br>(2024)<br>for solo violin and the performer voice&nbsp;<br>pour violon solo et la voix de l\u2019interpr\u00e8te<br>12 minutes<\/p>\n\n\n\n<p class=\"animated fadeIn\" style=\"font-size:12px;font-style:normal;font-weight:300\"><a href=\"https:\/\/www.corierosesoumah.com\/homepage\/limpidites-iii\/\" title=\"\">Limpidit\u00e9s III<\/a><br>(2022)<br>for tenor saxophone<br>pour saxophone t\u00e9nor<br>2 minutes<br>12 minutes<\/p>\n\n\n\n<p class=\"animated fadeIn\" style=\"font-size:12px;font-style:normal;font-weight:300\">Limpidit\u00e9s II<br>(2022)<br>for keyboard accordion<br>pour accord\u00e9on \u00e0 clavier <br>2 minutes<\/p>\n\n\n\n<p class=\"animated fadeIn\" style=\"font-size:12px;font-style:normal;font-weight:300\"><a href=\"https:\/\/www.corierosesoumah.com\/homepage\/limpidites-i\/\" title=\"Limpidit\u00e9s I\">Limpidit\u00e9s I<\/a><br>(2019)<br>for doublebass&nbsp;<br>pour contrebasse<br>5 minutes<\/p>\n","protected":false},"excerpt":{"rendered":"<p>UPCOMING [new work] for ensemble PHACE 2026[new work] for Alkali Collective 2027[new work] for Paramirabo 2028 LARGE ENSEMBLE\/GRAND ENSEMBLE Tossed Parachutes of Lilacs and Lungs2025for chamber ensemble and fixed electronicspour ensemble et bande fixe[Flt.\/Cl.\/Perc.\/E.Guit.\/Pno.\/Vln.\/Vla.\/Vc.]13 minutes Moments int\u00e9rieurs I Parois | Crevasses2020 (r\u00e9v. 2022)For alt. fl., ob., b.cl., bn.\/ hn., tpt., trbn.\/ pn., perc (I).\/ vln.I, [&hellip;]<\/p>\n","protected":false},"author":1,"featured_media":0,"parent":0,"menu_order":1,"comment_status":"closed","ping_status":"closed","template":"","meta":{"om_disable_all_campaigns":false,"_monsterinsights_skip_tracking":false,"_monsterinsights_sitenote_active":false,"_monsterinsights_sitenote_note":"","_monsterinsights_sitenote_category":0,"footnotes":""},"class_list":["post-1016","page","type-page","status-publish","hentry"],"aioseo_notices":[],"_links":{"self":[{"href":"https:\/\/www.corierosesoumah.com\/homepage\/wp-json\/wp\/v2\/pages\/1016","targetHints":{"allow":["GET"]}}],"collection":[{"href":"https:\/\/www.corierosesoumah.com\/homepage\/wp-json\/wp\/v2\/pages"}],"about":[{"href":"https:\/\/www.corierosesoumah.com\/homepage\/wp-json\/wp\/v2\/types\/page"}],"author":[{"embeddable":true,"href":"https:\/\/www.corierosesoumah.com\/homepage\/wp-json\/wp\/v2\/users\/1"}],"replies":[{"embeddable":true,"href":"https:\/\/www.corierosesoumah.com\/homepage\/wp-json\/wp\/v2\/comments?post=1016"}],"version-history":[{"count":9,"href":"https:\/\/www.corierosesoumah.com\/homepage\/wp-json\/wp\/v2\/pages\/1016\/revisions"}],"predecessor-version":[{"id":1851,"href":"https:\/\/www.corierosesoumah.com\/homepage\/wp-json\/wp\/v2\/pages\/1016\/revisions\/1851"}],"wp:attachment":[{"href":"https:\/\/www.corierosesoumah.com\/homepage\/wp-json\/wp\/v2\/media?parent=1016"}],"curies":[{"name":"wp","href":"https:\/\/api.w.org\/{rel}","templated":true}]}}